{"id":8,"date":"2012-04-12T08:04:31","date_gmt":"2012-04-12T08:04:31","guid":{"rendered":"http:\/\/www.ecolesaintroch.be.preview06.oxito.com\/?page_id=8"},"modified":"2023-07-30T17:29:58","modified_gmt":"2023-07-30T17:29:58","slug":"enseignement-primaire","status":"publish","type":"page","link":"https:\/\/www.ecolesaintroch.be\/?page_id=8","title":{"rendered":"Enseignement primaire"},"content":{"rendered":"<h3>Institutrices et instituteurs primaires :<\/h3>\n<ul>\n<li>Madame Isabelle Sury<\/li>\n<li>Madame Alexia Agneessens<\/li>\n<li>Madame Aliz\u00e9e Schumacker<\/li>\n<li>Madame Sophie Foucart<\/li>\n<li>Madame Nathalie Gallant<\/li>\n<li>Monsieur Thierry Thys<\/li>\n<li>Education physique et natation :\u00a0Madame No\u00e9mie Treffel<\/li>\n<li>N\u00e9erlandais :\u00a0Madame Vanessa Demoor<\/li>\n<\/ul>\n<ul>\n<li>C\u2019est dans un cadre spacieux et accueillant qui se marie \u00e0 merveille avec la dynamique positive d\u2019une \u00e9quipe p\u00e9dagogique, proactive et ouverte aux innovations p\u00e9dagogiques, qui n\u2019a de cesse de se perfectionner pour \u0153uvrer aux progr\u00e8s et au bien-\u00eatre de chacun, que votre enfant pourra acqu\u00e9rir de nombreuses comp\u00e9tences, des acquis, des techniques de r\u00e9solution et de m\u00e9morisation, du savoir-faire et du savoir-\u00eatre afin de devenir un citoyen responsable.Pour se faire, nous proposons\u00a0:\n<ul>\n<li>Une p\u00e9dagogie active et respectueuse du rythme de chacun.<\/li>\n<li>Des apprentissages dans lesquels les enfants sont au c\u0153ur du travail afin de leur donner du sens.<\/li>\n<li>Une transition num\u00e9rique : ordinateurs, TBI, tablettes<\/li>\n<li>Une \u00e9tude dirig\u00e9e par les enseignants afin d&#8217;offrir un suivi complet dans les apprentissages.<\/li>\n<li>Un cours de N\u00e9erlandais d\u00e8s la 3\u00e8me primaire.<\/li>\n<li>Un projet Musiqu&#8217;\u00e9cole encadr\u00e9 par les Jeunesses musicales.<\/li>\n<li>Du mat\u00e9riel didactique vari\u00e9 et adapt\u00e9.<\/li>\n<li>Des classes spacieuses avec du mobilier neuf.<\/li>\n<li>Une biblioth\u00e8que dans chacune des classes, ainsi que sur la cour de r\u00e9cr\u00e9ation.<\/li>\n<li>De l\u2019\u00e9coute, de la bienveillance et de la confiance.<\/li>\n<li>Des enseignants qui mettent tout en place pour nourrir les esprits, r\u00e9conforter les c\u0153urs et insuffler les r\u00eaves<\/li>\n<li>Une cour de r\u00e9cr\u00e9ation am\u00e9nag\u00e9e avec de nombreuses possibilit\u00e9s de jeux.<\/li>\n<li>Une ouverture au monde ext\u00e9rieur au niveau culturel, folklorique, artisanal, \u2026<\/li>\n<li>Une collaboration entre \u00e9cole, parents, PMS, PSE, \u2026<\/li>\n<\/ul>\n<p><strong>\u00ab\u00a0Nous semons aujourd\u2019hui les savoirs du futur\u00a0\u00bb<\/strong><\/p>\n<p><strong>Ce qui nous diff\u00e9rencie devient notre force.<\/strong><\/p>\n<p><strong>Ce qui est notre force devient essentiel.<\/strong><\/p>\n<p><strong>Ce qui est essentiel devient la r\u00e9ussite de nos \u00e9l\u00e8ves.<\/strong><\/li>\n<\/ul>\n","protected":false},"excerpt":{"rendered":"<p>Institutrices et instituteurs primaires : Madame Isabelle Sury Madame Alexia Agneessens Madame Aliz\u00e9e Schumacker Madame Sophie Foucart Madame Nathalie Gallant Monsieur Thierry Thys Education physique&#8230; <a href=\"https:\/\/www.ecolesaintroch.be\/?page_id=8\">[+]<\/a><\/p>\n","protected":false},"author":1,"featured_media":0,"parent":4,"menu_order":0,"comment_status":"open","ping_status":"open","template":"","meta":[],"_links":{"self":[{"href":"https:\/\/www.ecolesaintroch.be\/index.php?rest_route=\/wp\/v2\/pages\/8"}],"collection":[{"href":"https:\/\/www.ecolesaintroch.be\/index.php?rest_route=\/wp\/v2\/pages"}],"about":[{"href":"https:\/\/www.ecolesaintroch.be\/index.php?rest_route=\/wp\/v2\/types\/page"}],"author":[{"embeddable":true,"href":"https:\/\/www.ecolesaintroch.be\/index.php?rest_route=\/wp\/v2\/users\/1"}],"replies":[{"embeddable":true,"href":"https:\/\/www.ecolesaintroch.be\/index.php?rest_route=%2Fwp%2Fv2%2Fcomments&post=8"}],"version-history":[{"count":17,"href":"https:\/\/www.ecolesaintroch.be\/index.php?rest_route=\/wp\/v2\/pages\/8\/revisions"}],"predecessor-version":[{"id":7831,"href":"https:\/\/www.ecolesaintroch.be\/index.php?rest_route=\/wp\/v2\/pages\/8\/revisions\/7831"}],"up":[{"embeddable":true,"href":"https:\/\/www.ecolesaintroch.be\/index.php?rest_route=\/wp\/v2\/pages\/4"}],"wp:attachment":[{"href":"https:\/\/www.ecolesaintroch.be\/index.php?rest_route=%2Fwp%2Fv2%2Fmedia&parent=8"}],"curies":[{"name":"wp","href":"https:\/\/api.w.org\/{rel}","templated":true}]}}