{"id":6102,"date":"2016-06-28T08:50:04","date_gmt":"2016-06-28T08:50:04","guid":{"rendered":"http:\/\/www.ecolesaintroch.be\/?page_id=6102"},"modified":"2016-06-28T08:50:12","modified_gmt":"2016-06-28T08:50:12","slug":"notre-ecole","status":"publish","type":"page","link":"https:\/\/www.ecolesaintroch.be\/?page_id=6102","title":{"rendered":"Notre \u00e9cole"},"content":{"rendered":"<p class=\"p1\"><span class=\"s1\">Notre \u00e9cole est une petite \u00e9cole familiale ouverte \u00e0 tous.<\/span><\/p>\n<p class=\"p1\"><span class=\"s1\">Elle propose un cadre d\u2019accueil sp\u00e9cifique pour l\u2019\u00e9cole maternelle et une infrastructure propre \u00e0 l\u2019\u00e9cole primaire.<\/span><\/p>\n<p class=\"p1\">De plus, avec son projet musiqu&#8217;\u00e9cole, elle se veut \u00eatre un \u00e9tablissement scolaire vivifi\u00e9 par la musique.<\/p>\n<blockquote>\n<p class=\"p1\"><span class=\"s1\"><i>\u00ab\u00a0Elle est un lieu o\u00f9 on peut se tromper sans \u00eatre puni.\u00a0\u00bb<\/i><\/span><\/p>\n<p class=\"p2\"><span class=\"s2\"><i>Comenius<\/i><\/span><\/p>\n<\/blockquote>\n","protected":false},"excerpt":{"rendered":"<p>Notre \u00e9cole est une petite \u00e9cole familiale ouverte \u00e0 tous. Elle propose un cadre d\u2019accueil sp\u00e9cifique pour l\u2019\u00e9cole maternelle et une infrastructure propre \u00e0 l\u2019\u00e9cole&#8230; <a href=\"https:\/\/www.ecolesaintroch.be\/?page_id=6102\">[+]<\/a><\/p>\n","protected":false},"author":1,"featured_media":0,"parent":0,"menu_order":0,"comment_status":"closed","ping_status":"closed","template":"","meta":[],"_links":{"self":[{"href":"https:\/\/www.ecolesaintroch.be\/index.php?rest_route=\/wp\/v2\/pages\/6102"}],"collection":[{"href":"https:\/\/www.ecolesaintroch.be\/index.php?rest_route=\/wp\/v2\/pages"}],"about":[{"href":"https:\/\/www.ecolesaintroch.be\/index.php?rest_route=\/wp\/v2\/types\/page"}],"author":[{"embeddable":true,"href":"https:\/\/www.ecolesaintroch.be\/index.php?rest_route=\/wp\/v2\/users\/1"}],"replies":[{"embeddable":true,"href":"https:\/\/www.ecolesaintroch.be\/index.php?rest_route=%2Fwp%2Fv2%2Fcomments&post=6102"}],"version-history":[{"count":3,"href":"https:\/\/www.ecolesaintroch.be\/index.php?rest_route=\/wp\/v2\/pages\/6102\/revisions"}],"predecessor-version":[{"id":6911,"href":"https:\/\/www.ecolesaintroch.be\/index.php?rest_route=\/wp\/v2\/pages\/6102\/revisions\/6911"}],"wp:attachment":[{"href":"https:\/\/www.ecolesaintroch.be\/index.php?rest_route=%2Fwp%2Fv2%2Fmedia&parent=6102"}],"curies":[{"name":"wp","href":"https:\/\/api.w.org\/{rel}","templated":true}]}}