{"id":6,"date":"2012-04-12T08:04:18","date_gmt":"2012-04-12T08:04:18","guid":{"rendered":"http:\/\/www.ecolesaintroch.be.preview06.oxito.com\/?page_id=6"},"modified":"2025-07-29T08:41:39","modified_gmt":"2025-07-29T08:41:39","slug":"enseignement-maternelle","status":"publish","type":"page","link":"https:\/\/www.ecolesaintroch.be\/?page_id=6","title":{"rendered":"Enseignement maternel"},"content":{"rendered":"<h3>Institutrices maternelles :<\/h3>\n<ul>\n<li>Madame Sophie De Zutter<\/li>\n<li>Madame Ma\u00eft\u00e9 Studer<\/li>\n<li>Pu\u00e9ricultrice: Madame Christel Verbehen<\/li>\n<li>Psychomotricit\u00e9 :\u00a0Monsieur Corentin Muyle<\/li>\n<\/ul>\n<p>1\u00b0 <u>P\u00e9dagogiquement, il trouvera<\/u>\u00a0:<\/p>\n<ul>\n<li>Un enseignement qui place l\u2019enfant au c\u0153ur des apprentissages<\/li>\n<li>Une \u00e9quipe p\u00e9dagogique dynamique, accueillante et positive<\/li>\n<li>Un respect de son rythme de travail<\/li>\n<li>Un cours de psychomotricit\u00e9 deux heures semaine de la classe d\u2019accueil \u00e0 la 3<sup>\u00e8me<\/sup> maternelle<\/li>\n<li>Un projet musiqu\u2019\u00e9cole auquel il participera gratuitement chaque semaine<\/li>\n<li>Un travail en ateliers avec des classes flexibles<\/li>\n<li>Un mat\u00e9riel didactique adapt\u00e9 \u00e0 ses besoins<\/li>\n<li>Une p\u00e9dagogie par manipulations, par recherches pour donner du sens \u00e0 ses apprentissages<\/li>\n<\/ul>\n<p>2\u00b0 <u>Humainement, il d\u00e9couvrira<\/u>\u00a0:<\/p>\n<ul>\n<li>Une \u00e9cole familiale ouverte \u00e0 tous<\/li>\n<li>Des enseignantes disponibles et \u00e0 son \u00e9coute<\/li>\n<li>De la bienveillance, des \u00e9changes, de la compr\u00e9hension, de la confiance et de l\u2019humanit\u00e9<\/li>\n<li>Une communication non violente<\/li>\n<li>Une place parmi les autres \u00e9l\u00e8ves<\/li>\n<\/ul>\n<p>3\u00b0 <u>Quotidiennement, il \u00e9voluera dans<\/u>\u00a0:<\/p>\n<ul>\n<li>Un cadre sp\u00e9cifique \u00e0 l\u2019\u00e9cole maternelle<\/li>\n<li>Des classes spacieuses, lumineuses et color\u00e9es<\/li>\n<li>Un mobilier neuf et adapt\u00e9 \u00e0 son \u00e2ge<\/li>\n<li>Une cour de r\u00e9cr\u00e9ation compl\u00e8tement remise \u00e0 neuf et s\u00e9par\u00e9e de la section primaire<\/li>\n<\/ul>\n<p>Notre section maternelle apportera \u00e0 votre enfant les premi\u00e8res bases solides de ses apprentissages.<\/p>\n<p>Un regard, un sourire, une r\u00e9ussite \u2026 que du bonheur pour tous.<\/p>\n","protected":false},"excerpt":{"rendered":"<p>Institutrices maternelles : Madame Sophie De Zutter Madame Ma\u00eft\u00e9 Studer Pu\u00e9ricultrice: Madame Christel Verbehen Psychomotricit\u00e9 :\u00a0Monsieur Corentin Muyle 1\u00b0 P\u00e9dagogiquement, il trouvera\u00a0: Un enseignement qui&#8230; <a href=\"https:\/\/www.ecolesaintroch.be\/?page_id=6\">[+]<\/a><\/p>\n","protected":false},"author":1,"featured_media":0,"parent":4,"menu_order":0,"comment_status":"open","ping_status":"open","template":"","meta":[],"_links":{"self":[{"href":"https:\/\/www.ecolesaintroch.be\/index.php?rest_route=\/wp\/v2\/pages\/6"}],"collection":[{"href":"https:\/\/www.ecolesaintroch.be\/index.php?rest_route=\/wp\/v2\/pages"}],"about":[{"href":"https:\/\/www.ecolesaintroch.be\/index.php?rest_route=\/wp\/v2\/types\/page"}],"author":[{"embeddable":true,"href":"https:\/\/www.ecolesaintroch.be\/index.php?rest_route=\/wp\/v2\/users\/1"}],"replies":[{"embeddable":true,"href":"https:\/\/www.ecolesaintroch.be\/index.php?rest_route=%2Fwp%2Fv2%2Fcomments&post=6"}],"version-history":[{"count":16,"href":"https:\/\/www.ecolesaintroch.be\/index.php?rest_route=\/wp\/v2\/pages\/6\/revisions"}],"predecessor-version":[{"id":8527,"href":"https:\/\/www.ecolesaintroch.be\/index.php?rest_route=\/wp\/v2\/pages\/6\/revisions\/8527"}],"up":[{"embeddable":true,"href":"https:\/\/www.ecolesaintroch.be\/index.php?rest_route=\/wp\/v2\/pages\/4"}],"wp:attachment":[{"href":"https:\/\/www.ecolesaintroch.be\/index.php?rest_route=%2Fwp%2Fv2%2Fmedia&parent=6"}],"curies":[{"name":"wp","href":"https:\/\/api.w.org\/{rel}","templated":true}]}}