{"id":312,"date":"2012-05-14T08:36:14","date_gmt":"2012-05-14T08:36:14","guid":{"rendered":"http:\/\/www.ecolesaintroch.be\/?page_id=312"},"modified":"2024-08-11T07:44:52","modified_gmt":"2024-08-11T07:44:52","slug":"pouvoir-organisateur","status":"publish","type":"page","link":"https:\/\/www.ecolesaintroch.be\/?page_id=312","title":{"rendered":"Pouvoir Organisateur"},"content":{"rendered":"<p>Pr\u00e9sident :<\/p>\n<p>Mr Jacques R\u00e9velard<\/p>\n<p>Rue Tramasure, 2 bte B2<\/p>\n<p>7860 Lessines<\/p>\n<p>068\/33 85 38<\/p>\n<p>jacques.revelard@gmail.com<\/p>\n<p>Membres :<\/p>\n<p>Mme Trivi\u00e8re Laurence: tr\u00e9sori\u00e8re PO<\/p>\n<p>Mr Foucart Philippe<\/p>\n<p>Mr Thys Thierry: secr\u00e9taire PO<\/p>\n<p>Mme De Cock Caroline<\/p>\n","protected":false},"excerpt":{"rendered":"<p>Pr\u00e9sident : Mr Jacques R\u00e9velard Rue Tramasure, 2 bte B2 7860 Lessines 068\/33 85 38 jacques.revelard@gmail.com Membres : Mme Trivi\u00e8re Laurence: tr\u00e9sori\u00e8re PO Mr Foucart&#8230; <a href=\"https:\/\/www.ecolesaintroch.be\/?page_id=312\">[+]<\/a><\/p>\n","protected":false},"author":1,"featured_media":0,"parent":4,"menu_order":0,"comment_status":"closed","ping_status":"open","template":"","meta":[],"_links":{"self":[{"href":"https:\/\/www.ecolesaintroch.be\/index.php?rest_route=\/wp\/v2\/pages\/312"}],"collection":[{"href":"https:\/\/www.ecolesaintroch.be\/index.php?rest_route=\/wp\/v2\/pages"}],"about":[{"href":"https:\/\/www.ecolesaintroch.be\/index.php?rest_route=\/wp\/v2\/types\/page"}],"author":[{"embeddable":true,"href":"https:\/\/www.ecolesaintroch.be\/index.php?rest_route=\/wp\/v2\/users\/1"}],"replies":[{"embeddable":true,"href":"https:\/\/www.ecolesaintroch.be\/index.php?rest_route=%2Fwp%2Fv2%2Fcomments&post=312"}],"version-history":[{"count":7,"href":"https:\/\/www.ecolesaintroch.be\/index.php?rest_route=\/wp\/v2\/pages\/312\/revisions"}],"predecessor-version":[{"id":8263,"href":"https:\/\/www.ecolesaintroch.be\/index.php?rest_route=\/wp\/v2\/pages\/312\/revisions\/8263"}],"up":[{"embeddable":true,"href":"https:\/\/www.ecolesaintroch.be\/index.php?rest_route=\/wp\/v2\/pages\/4"}],"wp:attachment":[{"href":"https:\/\/www.ecolesaintroch.be\/index.php?rest_route=%2Fwp%2Fv2%2Fmedia&parent=312"}],"curies":[{"name":"wp","href":"https:\/\/api.w.org\/{rel}","templated":true}]}}